{"id":965,"date":"2024-01-29T18:57:27","date_gmt":"2024-01-29T18:57:27","guid":{"rendered":"https:\/\/gk-projekt.eu\/?page_id=965"},"modified":"2024-01-31T21:34:42","modified_gmt":"2024-01-31T21:34:42","slug":"ausruestungsverleih","status":"publish","type":"page","link":"https:\/\/gk-projekt.eu\/de\/ausruestungsverleih\/","title":{"rendered":"Ausr\u00fcstungsverleih"},"content":{"rendered":"\t\t<div data-elementor-type=\"wp-page\" data-elementor-id=\"965\" class=\"elementor elementor-965\" data-elementor-settings=\"{&quot;element_pack_global_tooltip_width&quot;:{&quot;unit&quot;:&quot;px&quot;,&quot;size&quot;:&quot;&quot;,&quot;sizes&quot;:[]},&quot;element_pack_global_tooltip_width_tablet&quot;:{&quot;unit&quot;:&quot;px&quot;,&quot;size&quot;:&quot;&quot;,&quot;sizes&quot;:[]},&quot;element_pack_global_tooltip_width_mobile&quot;:{&quot;unit&quot;:&quot;px&quot;,&quot;size&quot;:&quot;&quot;,&quot;sizes&quot;:[]},&quot;element_pack_global_tooltip_padding&quot;:{&quot;unit&quot;:&quot;px&quot;,&quot;top&quot;:&quot;&quot;,&quot;right&quot;:&quot;&quot;,&quot;bottom&quot;:&quot;&quot;,&quot;left&quot;:&quot;&quot;,&quot;isLinked&quot;:true},&quot;element_pack_global_tooltip_padding_tablet&quot;:{&quot;unit&quot;:&quot;px&quot;,&quot;top&quot;:&quot;&quot;,&quot;right&quot;:&quot;&quot;,&quot;bottom&quot;:&quot;&quot;,&quot;left&quot;:&quot;&quot;,&quot;isLinked&quot;:true},&quot;element_pack_global_tooltip_padding_mobile&quot;:{&quot;unit&quot;:&quot;px&quot;,&quot;top&quot;:&quot;&quot;,&quot;right&quot;:&quot;&quot;,&quot;bottom&quot;:&quot;&quot;,&quot;left&quot;:&quot;&quot;,&quot;isLinked&quot;:true},&quot;element_pack_global_tooltip_border_radius&quot;:{&quot;unit&quot;:&quot;px&quot;,&quot;top&quot;:&quot;&quot;,&quot;right&quot;:&quot;&quot;,&quot;bottom&quot;:&quot;&quot;,&quot;left&quot;:&quot;&quot;,&quot;isLinked&quot;:true},&quot;element_pack_global_tooltip_border_radius_tablet&quot;:{&quot;unit&quot;:&quot;px&quot;,&quot;top&quot;:&quot;&quot;,&quot;right&quot;:&quot;&quot;,&quot;bottom&quot;:&quot;&quot;,&quot;left&quot;:&quot;&quot;,&quot;isLinked&quot;:true},&quot;element_pack_global_tooltip_border_radius_mobile&quot;:{&quot;unit&quot;:&quot;px&quot;,&quot;top&quot;:&quot;&quot;,&quot;right&quot;:&quot;&quot;,&quot;bottom&quot;:&quot;&quot;,&quot;left&quot;:&quot;&quot;,&quot;isLinked&quot;:true}}\" data-elementor-post-type=\"page\">\n\t\t\t\t<div class=\"elementor-element elementor-element-e8810ad e-flex e-con-boxed e-con e-parent\" data-id=\"e8810ad\" data-element_type=\"container\" data-e-type=\"container\" data-settings=\"{&quot;background_background&quot;:&quot;classic&quot;,&quot;background_motion_fx_motion_fx_scrolling&quot;:&quot;yes&quot;,&quot;background_motion_fx_translateY_effect&quot;:&quot;yes&quot;,&quot;background_motion_fx_translateY_direction&quot;:&quot;negative&quot;,&quot;background_motion_fx_translateY_speed&quot;:{&quot;unit&quot;:&quot;px&quot;,&quot;size&quot;:4,&quot;sizes&quot;:[]},&quot;background_motion_fx_translateY_affectedRange&quot;:{&quot;unit&quot;:&quot;%&quot;,&quot;size&quot;:&quot;&quot;,&quot;sizes&quot;:{&quot;start&quot;:0,&quot;end&quot;:100}},&quot;background_motion_fx_devices&quot;:[&quot;desktop&quot;,&quot;tablet&quot;,&quot;mobile&quot;]}\">\n\t\t\t\t\t<div class=\"e-con-inner\">\n\t\t<div class=\"elementor-element elementor-element-aa83c02 e-con-full animated-slow e-flex elementor-invisible e-con e-child\" data-id=\"aa83c02\" data-element_type=\"container\" data-e-type=\"container\" data-settings=\"{&quot;animation&quot;:&quot;fadeIn&quot;,&quot;animation_delay&quot;:200,&quot;motion_fx_motion_fx_scrolling&quot;:&quot;yes&quot;,&quot;motion_fx_translateY_effect&quot;:&quot;yes&quot;,&quot;motion_fx_translateY_speed&quot;:{&quot;unit&quot;:&quot;px&quot;,&quot;size&quot;:2,&quot;sizes&quot;:[]},&quot;motion_fx_translateY_affectedRange&quot;:{&quot;unit&quot;:&quot;%&quot;,&quot;size&quot;:&quot;&quot;,&quot;sizes&quot;:{&quot;start&quot;:0,&quot;end&quot;:100}},&quot;motion_fx_devices&quot;:[&quot;desktop&quot;,&quot;tablet&quot;,&quot;mobile&quot;]}\">\n\t\t\t\t<div class=\"elementor-element elementor-element-56213a2 elementor-widget elementor-widget-heading\" data-id=\"56213a2\" data-element_type=\"widget\" data-e-type=\"widget\" data-widget_type=\"heading.default\">\n\t\t\t\t<div class=\"elementor-widget-container\">\n\t\t\t\t\t<h2 class=\"elementor-heading-title elementor-size-default\">Ausr\u00fcstungsverleih<\/h2>\t\t\t\t<\/div>\n\t\t\t\t<\/div>\n\t\t\t\t<div class=\"elementor-element elementor-element-d1adca5 elementor-widget elementor-widget-heading\" data-id=\"d1adca5\" data-element_type=\"widget\" data-e-type=\"widget\" data-widget_type=\"heading.default\">\n\t\t\t\t<div class=\"elementor-widget-container\">\n\t\t\t\t\t<h2 class=\"elementor-heading-title elementor-size-default\">Nutzen Sie die Miete<\/h2>\t\t\t\t<\/div>\n\t\t\t\t<\/div>\n\t\t\t\t<\/div>\n\t\t\t\t\t<\/div>\n\t\t\t\t<\/div>\n\t\t<div class=\"elementor-element elementor-element-0543ed6 e-con-full e-flex e-con e-parent\" data-id=\"0543ed6\" data-element_type=\"container\" data-e-type=\"container\">\n\t\t\t\t<div class=\"elementor-element elementor-element-b2ecc36 elementor-widget elementor-widget-gallery\" data-id=\"b2ecc36\" data-element_type=\"widget\" data-e-type=\"widget\" data-settings=\"{&quot;columns&quot;:3,&quot;gap&quot;:{&quot;unit&quot;:&quot;px&quot;,&quot;size&quot;:1,&quot;sizes&quot;:[]},&quot;lazyload&quot;:&quot;yes&quot;,&quot;gallery_layout&quot;:&quot;grid&quot;,&quot;columns_tablet&quot;:2,&quot;columns_mobile&quot;:1,&quot;gap_tablet&quot;:{&quot;unit&quot;:&quot;px&quot;,&quot;size&quot;:10,&quot;sizes&quot;:[]},&quot;gap_mobile&quot;:{&quot;unit&quot;:&quot;px&quot;,&quot;size&quot;:10,&quot;sizes&quot;:[]},&quot;link_to&quot;:&quot;file&quot;,&quot;aspect_ratio&quot;:&quot;3:2&quot;,&quot;overlay_background&quot;:&quot;yes&quot;,&quot;content_hover_animation&quot;:&quot;fade-in&quot;}\" data-widget_type=\"gallery.default\">\n\t\t\t\t<div class=\"elementor-widget-container\">\n\t\t\t\t\t\t\t<div class=\"elementor-gallery__container\">\n\t\t\t\t\t\t\t<a class=\"e-gallery-item elementor-gallery-item elementor-animated-content\" href=\"https:\/\/gk-projekt.eu\/wp-content\/uploads\/2024\/01\/IMG-20240131-WA0002.jpg\" data-elementor-open-lightbox=\"yes\" data-elementor-lightbox-slideshow=\"b2ecc36\" data-e-action-hash=\"#elementor-action%3Aaction%3Dlightbox%26settings%3DeyJpZCI6MTAxNCwidXJsIjoiaHR0cHM6XC9cL2drLXByb2pla3QuZXVcL3dwLWNvbnRlbnRcL3VwbG9hZHNcLzIwMjRcLzAxXC9JTUctMjAyNDAxMzEtV0EwMDAyLmpwZyIsInNsaWRlc2hvdyI6ImIyZWNjMzYifQ%3D%3D\">\n\t\t\t\t\t<div class=\"e-gallery-image elementor-gallery-item__image\" data-thumbnail=\"https:\/\/gk-projekt.eu\/wp-content\/uploads\/2024\/01\/IMG-20240131-WA0002-768x432.jpg\" data-width=\"768\" data-height=\"432\" aria-label=\"\" role=\"img\" ><\/div>\n\t\t\t\t\t\t\t\t\t\t\t<div class=\"elementor-gallery-item__overlay\"><\/div>\n\t\t\t\t\t\t\t\t\t\t\t\t\t\t<\/a>\n\t\t\t\t\t\t\t<a class=\"e-gallery-item elementor-gallery-item elementor-animated-content\" href=\"https:\/\/gk-projekt.eu\/wp-content\/uploads\/2024\/01\/IMG-20240131-WA0003.jpg\" data-elementor-open-lightbox=\"yes\" data-elementor-lightbox-slideshow=\"b2ecc36\" data-e-action-hash=\"#elementor-action%3Aaction%3Dlightbox%26settings%3DeyJpZCI6MTAxNiwidXJsIjoiaHR0cHM6XC9cL2drLXByb2pla3QuZXVcL3dwLWNvbnRlbnRcL3VwbG9hZHNcLzIwMjRcLzAxXC9JTUctMjAyNDAxMzEtV0EwMDAzLmpwZyIsInNsaWRlc2hvdyI6ImIyZWNjMzYifQ%3D%3D\">\n\t\t\t\t\t<div class=\"e-gallery-image elementor-gallery-item__image\" data-thumbnail=\"https:\/\/gk-projekt.eu\/wp-content\/uploads\/2024\/01\/IMG-20240131-WA0003-768x1365.jpg\" data-width=\"768\" data-height=\"1365\" aria-label=\"\" role=\"img\" ><\/div>\n\t\t\t\t\t\t\t\t\t\t\t<div class=\"elementor-gallery-item__overlay\"><\/div>\n\t\t\t\t\t\t\t\t\t\t\t\t\t\t<\/a>\n\t\t\t\t\t\t\t<a class=\"e-gallery-item elementor-gallery-item elementor-animated-content\" href=\"https:\/\/gk-projekt.eu\/wp-content\/uploads\/2024\/01\/IMG-20240131-WA0004.jpg\" data-elementor-open-lightbox=\"yes\" data-elementor-lightbox-slideshow=\"b2ecc36\" data-e-action-hash=\"#elementor-action%3Aaction%3Dlightbox%26settings%3DeyJpZCI6MTAxOCwidXJsIjoiaHR0cHM6XC9cL2drLXByb2pla3QuZXVcL3dwLWNvbnRlbnRcL3VwbG9hZHNcLzIwMjRcLzAxXC9JTUctMjAyNDAxMzEtV0EwMDA0LmpwZyIsInNsaWRlc2hvdyI6ImIyZWNjMzYifQ%3D%3D\">\n\t\t\t\t\t<div class=\"e-gallery-image elementor-gallery-item__image\" data-thumbnail=\"https:\/\/gk-projekt.eu\/wp-content\/uploads\/2024\/01\/IMG-20240131-WA0004-768x1365.jpg\" data-width=\"768\" data-height=\"1365\" aria-label=\"\" role=\"img\" ><\/div>\n\t\t\t\t\t\t\t\t\t\t\t<div class=\"elementor-gallery-item__overlay\"><\/div>\n\t\t\t\t\t\t\t\t\t\t\t\t\t\t<\/a>\n\t\t\t\t\t<\/div>\n\t\t\t\t\t<\/div>\n\t\t\t\t<\/div>\n\t\t\t\t<\/div>\n\t\t<div class=\"elementor-element elementor-element-e56228f e-flex e-con-boxed e-con e-parent\" data-id=\"e56228f\" data-element_type=\"container\" data-e-type=\"container\">\n\t\t\t\t\t<div class=\"e-con-inner\">\n\t\t<div class=\"elementor-element elementor-element-662c016 e-con-full e-flex e-con e-child\" data-id=\"662c016\" data-element_type=\"container\" data-e-type=\"container\">\n\t\t<div class=\"elementor-element elementor-element-9908f83 e-flex e-con-boxed e-con e-child\" data-id=\"9908f83\" data-element_type=\"container\" data-e-type=\"container\" data-settings=\"{&quot;background_background&quot;:&quot;classic&quot;,&quot;background_motion_fx_motion_fx_scrolling&quot;:&quot;yes&quot;,&quot;background_motion_fx_translateY_effect&quot;:&quot;yes&quot;,&quot;background_motion_fx_translateY_speed&quot;:{&quot;unit&quot;:&quot;px&quot;,&quot;size&quot;:1,&quot;sizes&quot;:[]},&quot;background_motion_fx_translateY_affectedRange&quot;:{&quot;unit&quot;:&quot;%&quot;,&quot;size&quot;:&quot;&quot;,&quot;sizes&quot;:{&quot;start&quot;:0,&quot;end&quot;:100}},&quot;background_motion_fx_devices&quot;:[&quot;desktop&quot;,&quot;tablet&quot;,&quot;mobile&quot;]}\">\n\t\t\t\t\t<div class=\"e-con-inner\">\n\t\t\t\t\t<\/div>\n\t\t\t\t<\/div>\n\t\t\t\t<\/div>\n\t\t<div class=\"elementor-element elementor-element-331b62b e-con-full e-flex e-con e-child\" data-id=\"331b62b\" data-element_type=\"container\" data-e-type=\"container\" data-settings=\"{&quot;background_background&quot;:&quot;classic&quot;}\">\n\t\t<div class=\"elementor-element elementor-element-b1675ce e-con-full e-flex e-con e-child\" data-id=\"b1675ce\" data-element_type=\"container\" data-e-type=\"container\">\n\t\t\t\t<div class=\"elementor-element elementor-element-481bf59 elementor-widget-tablet__width-inherit elementor-widget elementor-widget-heading\" data-id=\"481bf59\" data-element_type=\"widget\" data-e-type=\"widget\" data-widget_type=\"heading.default\">\n\t\t\t\t<div class=\"elementor-widget-container\">\n\t\t\t\t\t<h2 class=\"elementor-heading-title elementor-size-default\">Meine Damen und Herren<\/h2>\t\t\t\t<\/div>\n\t\t\t\t<\/div>\n\t\t\t\t<div class=\"elementor-element elementor-element-49b9856 elementor-icon-list--layout-traditional elementor-list-item-link-full_width elementor-widget elementor-widget-icon-list\" data-id=\"49b9856\" data-element_type=\"widget\" data-e-type=\"widget\" data-widget_type=\"icon-list.default\">\n\t\t\t\t<div class=\"elementor-widget-container\">\n\t\t\t\t\t\t\t<ul class=\"elementor-icon-list-items\">\n\t\t\t\t\t\t\t<li class=\"elementor-icon-list-item\">\n\t\t\t\t\t\t\t\t\t\t\t<span class=\"elementor-icon-list-icon\">\n\t\t\t\t\t\t\t<i aria-hidden=\"true\" class=\"far fa-check-circle\"><\/i>\t\t\t\t\t\t<\/span>\n\t\t\t\t\t\t\t\t\t\t<span class=\"elementor-icon-list-text\">Wir bieten die Vermietung des Minikrans BG Lift 250 an<\/span>\n\t\t\t\t\t\t\t\t\t<\/li>\n\t\t\t\t\t\t\t\t<li class=\"elementor-icon-list-item\">\n\t\t\t\t\t\t\t\t\t\t\t<span class=\"elementor-icon-list-icon\">\n\t\t\t\t\t\t\t<i aria-hidden=\"true\" class=\"far fa-check-circle\"><\/i>\t\t\t\t\t\t<\/span>\n\t\t\t\t\t\t\t\t\t\t<span class=\"elementor-icon-list-text\">mit Zubeh\u00f6r und Saugn\u00e4pfen (Vacu Master Glass 1000, UPG -350 -2)<\/span>\n\t\t\t\t\t\t\t\t\t<\/li>\n\t\t\t\t\t\t\t\t<li class=\"elementor-icon-list-item\">\n\t\t\t\t\t\t\t\t\t\t\t<span class=\"elementor-icon-list-icon\">\n\t\t\t\t\t\t\t<i aria-hidden=\"true\" class=\"far fa-check-circle\"><\/i>\t\t\t\t\t\t<\/span>\n\t\t\t\t\t\t\t\t\t\t<span class=\"elementor-icon-list-text\">Transportwagen (GLW 800)<\/span>\n\t\t\t\t\t\t\t\t\t<\/li>\n\t\t\t\t\t\t\t\t<li class=\"elementor-icon-list-item\">\n\t\t\t\t\t\t\t\t\t\t\t<span class=\"elementor-icon-list-icon\">\n\t\t\t\t\t\t\t<i aria-hidden=\"true\" class=\"far fa-check-circle\"><\/i>\t\t\t\t\t\t<\/span>\n\t\t\t\t\t\t\t\t\t\t<span class=\"elementor-icon-list-text\">Operator<\/span>\n\t\t\t\t\t\t\t\t\t<\/li>\n\t\t\t\t\t\t<\/ul>\n\t\t\t\t\t\t<\/div>\n\t\t\t\t<\/div>\n\t\t\t\t<\/div>\n\t\t\t\t<\/div>\n\t\t\t\t\t<\/div>\n\t\t\t\t<\/div>\n\t\t<div class=\"elementor-element elementor-element-070ba4b e-con-full e-flex e-con e-parent\" data-id=\"070ba4b\" data-element_type=\"container\" data-e-type=\"container\" data-settings=\"{&quot;background_background&quot;:&quot;classic&quot;}\">\n\t\t<div class=\"elementor-element elementor-element-21b3e63 e-con-full e-flex e-con e-child\" data-id=\"21b3e63\" data-element_type=\"container\" data-e-type=\"container\" data-settings=\"{&quot;background_background&quot;:&quot;classic&quot;}\">\n\t\t<div class=\"elementor-element elementor-element-e25d8d8 e-con-full e-flex e-con e-child\" data-id=\"e25d8d8\" data-element_type=\"container\" data-e-type=\"container\">\n\t\t\t\t<div class=\"elementor-element elementor-element-52d93b2 elementor-widget-tablet__width-inherit elementor-widget__width-initial elementor-widget elementor-widget-heading\" data-id=\"52d93b2\" data-element_type=\"widget\" data-e-type=\"widget\" data-widget_type=\"heading.default\">\n\t\t\t\t<div class=\"elementor-widget-container\">\n\t\t\t\t\t<h2 class=\"elementor-heading-title elementor-size-default\">Anwendung<\/h2>\t\t\t\t<\/div>\n\t\t\t\t<\/div>\n\t\t\t\t<div class=\"elementor-element elementor-element-553a1bc elementor-widget__width-initial elementor-icon-list--layout-traditional elementor-list-item-link-full_width elementor-widget elementor-widget-icon-list\" data-id=\"553a1bc\" data-element_type=\"widget\" data-e-type=\"widget\" data-widget_type=\"icon-list.default\">\n\t\t\t\t<div class=\"elementor-widget-container\">\n\t\t\t\t\t\t\t<ul class=\"elementor-icon-list-items\">\n\t\t\t\t\t\t\t<li class=\"elementor-icon-list-item\">\n\t\t\t\t\t\t\t\t\t\t\t<span class=\"elementor-icon-list-icon\">\n\t\t\t\t\t\t\t<i aria-hidden=\"true\" class=\"far fa-check-circle\"><\/i>\t\t\t\t\t\t<\/span>\n\t\t\t\t\t\t\t\t\t\t<span class=\"elementor-icon-list-text\">s\u00e4mtliche Verglasungen, Glas, Fassaden, Winterg\u00e4rten, Z\u00e4une, Balustraden<\/span>\n\t\t\t\t\t\t\t\t\t<\/li>\n\t\t\t\t\t\t\t\t<li class=\"elementor-icon-list-item\">\n\t\t\t\t\t\t\t\t\t\t\t<span class=\"elementor-icon-list-icon\">\n\t\t\t\t\t\t\t<i aria-hidden=\"true\" class=\"far fa-check-circle\"><\/i>\t\t\t\t\t\t<\/span>\n\t\t\t\t\t\t\t\t\t\t<span class=\"elementor-icon-list-text\">Transport von Baumaterialien in h\u00f6here Stockwerke unter schwierigen Bedingungen<\/span>\n\t\t\t\t\t\t\t\t\t<\/li>\n\t\t\t\t\t\t\t\t<li class=\"elementor-icon-list-item\">\n\t\t\t\t\t\t\t\t\t\t\t<span class=\"elementor-icon-list-icon\">\n\t\t\t\t\t\t\t<i aria-hidden=\"true\" class=\"far fa-check-circle\"><\/i>\t\t\t\t\t\t<\/span>\n\t\t\t\t\t\t\t\t\t\t<span class=\"elementor-icon-list-text\">Dachbindern<\/span>\n\t\t\t\t\t\t\t\t\t<\/li>\n\t\t\t\t\t\t\t\t<li class=\"elementor-icon-list-item\">\n\t\t\t\t\t\t\t\t\t\t\t<span class=\"elementor-icon-list-icon\">\n\t\t\t\t\t\t\t<i aria-hidden=\"true\" class=\"far fa-check-circle\"><\/i>\t\t\t\t\t\t<\/span>\n\t\t\t\t\t\t\t\t\t\t<span class=\"elementor-icon-list-text\">Unterst\u00fctzung und Schutz bei Montagearbeiten (innen und au\u00dfen)<\/span>\n\t\t\t\t\t\t\t\t\t<\/li>\n\t\t\t\t\t\t<\/ul>\n\t\t\t\t\t\t<\/div>\n\t\t\t\t<\/div>\n\t\t\t\t<div class=\"elementor-element elementor-element-b508676 elementor-widget__width-initial elementor-widget elementor-widget-text-editor\" data-id=\"b508676\" data-element_type=\"widget\" data-e-type=\"widget\" data-widget_type=\"text-editor.default\">\n\t\t\t\t<div class=\"elementor-widget-container\">\n\t\t\t\t\t\t\t\t\t<p>Gebiet: Gesamtpolen und EU (Deutschland, \u00d6sterreich, Schweiz, Tschechien)<\/p>\t\t\t\t\t\t\t\t<\/div>\n\t\t\t\t<\/div>\n\t\t\t\t<div class=\"elementor-element elementor-element-8fce752 elementor-widget__width-initial elementor-widget elementor-widget-button\" data-id=\"8fce752\" data-element_type=\"widget\" data-e-type=\"widget\" data-widget_type=\"button.default\">\n\t\t\t\t<div class=\"elementor-widget-container\">\n\t\t\t\t\t\t\t\t\t<div class=\"elementor-button-wrapper\">\n\t\t\t\t\t<a class=\"elementor-button elementor-button-link elementor-size-sm\" href=\"https:\/\/gk-projekt.eu\/wp-content\/uploads\/2024\/01\/specyfikacja.pdf\" target=\"_blank\">\n\t\t\t\t\t\t<span class=\"elementor-button-content-wrapper\">\n\t\t\t\t\t\t<span class=\"elementor-button-icon\">\n\t\t\t\t<i aria-hidden=\"true\" class=\"fas fa-long-arrow-alt-right\"><\/i>\t\t\t<\/span>\n\t\t\t\t\t\t\t\t\t<span class=\"elementor-button-text\">Spezifikation<\/span>\n\t\t\t\t\t<\/span>\n\t\t\t\t\t<\/a>\n\t\t\t\t<\/div>\n\t\t\t\t\t\t\t\t<\/div>\n\t\t\t\t<\/div>\n\t\t\t\t<\/div>\n\t\t\t\t<\/div>\n\t\t<div class=\"elementor-element elementor-element-9743d91 e-con-full e-flex e-con e-child\" data-id=\"9743d91\" data-element_type=\"container\" data-e-type=\"container\">\n\t\t<div class=\"elementor-element elementor-element-4ff8e61 e-flex e-con-boxed e-con e-child\" data-id=\"4ff8e61\" data-element_type=\"container\" data-e-type=\"container\" data-settings=\"{&quot;background_background&quot;:&quot;slideshow&quot;,&quot;background_motion_fx_translateX_effect&quot;:&quot;yes&quot;,&quot;background_motion_fx_translateX_speed&quot;:{&quot;unit&quot;:&quot;px&quot;,&quot;size&quot;:0.5,&quot;sizes&quot;:[]},&quot;background_slideshow_gallery&quot;:[{&quot;id&quot;:954,&quot;url&quot;:&quot;https:\\\/\\\/gk-projekt.eu\\\/wp-content\\\/uploads\\\/2024\\\/01\\\/4-2.jpg&quot;},{&quot;id&quot;:956,&quot;url&quot;:&quot;https:\\\/\\\/gk-projekt.eu\\\/wp-content\\\/uploads\\\/2024\\\/01\\\/sprzet-.jpg&quot;},{&quot;id&quot;:958,&quot;url&quot;:&quot;https:\\\/\\\/gk-projekt.eu\\\/wp-content\\\/uploads\\\/2024\\\/01\\\/sprzet-1.jpg&quot;},{&quot;id&quot;:960,&quot;url&quot;:&quot;https:\\\/\\\/gk-projekt.eu\\\/wp-content\\\/uploads\\\/2024\\\/01\\\/sprzet-2.jpg&quot;}],&quot;background_slideshow_slide_duration&quot;:4000,&quot;background_slideshow_loop&quot;:&quot;yes&quot;,&quot;background_slideshow_slide_transition&quot;:&quot;fade&quot;,&quot;background_slideshow_transition_duration&quot;:500,&quot;background_motion_fx_translateX_affectedRange&quot;:{&quot;unit&quot;:&quot;%&quot;,&quot;size&quot;:&quot;&quot;,&quot;sizes&quot;:{&quot;start&quot;:0,&quot;end&quot;:100}},&quot;background_motion_fx_devices&quot;:[&quot;desktop&quot;,&quot;tablet&quot;,&quot;mobile&quot;]}\">\n\t\t\t\t\t<div class=\"e-con-inner\">\n\t\t\t\t\t<\/div>\n\t\t\t\t<\/div>\n\t\t\t\t<\/div>\n\t\t\t\t<\/div>\n\t\t\t\t<\/div>\n\t\t","protected":false},"excerpt":{"rendered":"<p>Ausr\u00fcstungsverleih Nutzen Sie die Miete Meine Damen und Herren Wir bieten die Vermietung des Minikrans BG Lift 250 an mit Zubeh\u00f6r und Saugn\u00e4pfen (Vacu Master Glass 1000, UPG -350 -2) Transportwagen (GLW 800) Operator Anwendung s\u00e4mtliche Verglasungen, Glas, Fassaden, Winterg\u00e4rten, Z\u00e4une, Balustraden Transport von Baumaterialien in h\u00f6here Stockwerke unter schwierigen Bedingungen Dachbindern Unterst\u00fctzung und Schutz [&hellip;]<\/p>\n","protected":false},"author":1,"featured_media":0,"parent":0,"menu_order":0,"comment_status":"closed","ping_status":"closed","template":"","meta":{"_acf_changed":false,"footnotes":""},"class_list":["post-965","page","type-page","status-publish","hentry"],"acf":[],"yoast_head":"<!-- This site is optimized with the Yoast SEO plugin v27.2 - https:\/\/yoast.com\/product\/yoast-seo-wordpress\/ -->\n<title>Ausr\u00fcstungsverleih - GK Projekt<\/title>\n<meta name=\"robots\" content=\"index, follow, max-snippet:-1, max-image-preview:large, max-video-preview:-1\" \/>\n<link rel=\"canonical\" href=\"https:\/\/gk-projekt.eu\/de\/ausruestungsverleih\/\" \/>\n<meta property=\"og:locale\" content=\"de_DE\" \/>\n<meta property=\"og:type\" content=\"article\" \/>\n<meta property=\"og:title\" content=\"Ausr\u00fcstungsverleih - GK Projekt\" \/>\n<meta property=\"og:description\" content=\"Ausr\u00fcstungsverleih Nutzen Sie die Miete Meine Damen und Herren Wir bieten die Vermietung des Minikrans BG Lift 250 an mit Zubeh\u00f6r und Saugn\u00e4pfen (Vacu Master Glass 1000, UPG -350 -2) Transportwagen (GLW 800) Operator Anwendung s\u00e4mtliche Verglasungen, Glas, Fassaden, Winterg\u00e4rten, Z\u00e4une, Balustraden Transport von Baumaterialien in h\u00f6here Stockwerke unter schwierigen Bedingungen Dachbindern Unterst\u00fctzung und Schutz [&hellip;]\" \/>\n<meta property=\"og:url\" content=\"https:\/\/gk-projekt.eu\/de\/ausruestungsverleih\/\" \/>\n<meta property=\"og:site_name\" content=\"GK Projekt\" \/>\n<meta property=\"article:modified_time\" content=\"2024-01-31T21:34:42+00:00\" \/>\n<meta name=\"twitter:card\" content=\"summary_large_image\" \/>\n<meta name=\"twitter:label1\" content=\"Gesch\u00e4tzte Lesezeit\" \/>\n\t<meta name=\"twitter:data1\" content=\"1\u00a0Minute\" \/>\n<script type=\"application\/ld+json\" class=\"yoast-schema-graph\">{\"@context\":\"https:\/\/schema.org\",\"@graph\":[{\"@type\":\"WebPage\",\"@id\":\"https:\/\/gk-projekt.eu\/de\/ausruestungsverleih\/\",\"url\":\"https:\/\/gk-projekt.eu\/de\/ausruestungsverleih\/\",\"name\":\"Ausr\u00fcstungsverleih - GK Projekt\",\"isPartOf\":{\"@id\":\"https:\/\/gk-projekt.eu\/de\/#website\"},\"datePublished\":\"2024-01-29T18:57:27+00:00\",\"dateModified\":\"2024-01-31T21:34:42+00:00\",\"breadcrumb\":{\"@id\":\"https:\/\/gk-projekt.eu\/de\/ausruestungsverleih\/#breadcrumb\"},\"inLanguage\":\"de\",\"potentialAction\":[{\"@type\":\"ReadAction\",\"target\":[\"https:\/\/gk-projekt.eu\/de\/ausruestungsverleih\/\"]}]},{\"@type\":\"BreadcrumbList\",\"@id\":\"https:\/\/gk-projekt.eu\/de\/ausruestungsverleih\/#breadcrumb\",\"itemListElement\":[{\"@type\":\"ListItem\",\"position\":1,\"name\":\"Strona g\u0142\u00f3wna\",\"item\":\"https:\/\/gk-projekt.eu\/de\/\"},{\"@type\":\"ListItem\",\"position\":2,\"name\":\"Ausr\u00fcstungsverleih\"}]},{\"@type\":\"WebSite\",\"@id\":\"https:\/\/gk-projekt.eu\/de\/#website\",\"url\":\"https:\/\/gk-projekt.eu\/de\/\",\"name\":\"GK Projekt\",\"description\":\"\",\"publisher\":{\"@id\":\"https:\/\/gk-projekt.eu\/de\/#organization\"},\"potentialAction\":[{\"@type\":\"SearchAction\",\"target\":{\"@type\":\"EntryPoint\",\"urlTemplate\":\"https:\/\/gk-projekt.eu\/de\/?s={search_term_string}\"},\"query-input\":{\"@type\":\"PropertyValueSpecification\",\"valueRequired\":true,\"valueName\":\"search_term_string\"}}],\"inLanguage\":\"de\"},{\"@type\":\"Organization\",\"@id\":\"https:\/\/gk-projekt.eu\/de\/#organization\",\"name\":\"GK Projekt\",\"url\":\"https:\/\/gk-projekt.eu\/de\/\",\"logo\":{\"@type\":\"ImageObject\",\"inLanguage\":\"de\",\"@id\":\"https:\/\/gk-projekt.eu\/de\/#\/schema\/logo\/image\/\",\"url\":\"https:\/\/gk-projekt.eu\/wp-content\/uploads\/2022\/11\/logo_414362.png\",\"contentUrl\":\"https:\/\/gk-projekt.eu\/wp-content\/uploads\/2022\/11\/logo_414362.png\",\"width\":190,\"height\":79,\"caption\":\"GK Projekt\"},\"image\":{\"@id\":\"https:\/\/gk-projekt.eu\/de\/#\/schema\/logo\/image\/\"},\"sameAs\":[\"https:\/\/www.instagram.com\/artdomprojekt\/\"]}]}<\/script>\n<!-- \/ Yoast SEO plugin. -->","yoast_head_json":{"title":"Ausr\u00fcstungsverleih - GK Projekt","robots":{"index":"index","follow":"follow","max-snippet":"max-snippet:-1","max-image-preview":"max-image-preview:large","max-video-preview":"max-video-preview:-1"},"canonical":"https:\/\/gk-projekt.eu\/de\/ausruestungsverleih\/","og_locale":"de_DE","og_type":"article","og_title":"Ausr\u00fcstungsverleih - GK Projekt","og_description":"Ausr\u00fcstungsverleih Nutzen Sie die Miete Meine Damen und Herren Wir bieten die Vermietung des Minikrans BG Lift 250 an mit Zubeh\u00f6r und Saugn\u00e4pfen (Vacu Master Glass 1000, UPG -350 -2) Transportwagen (GLW 800) Operator Anwendung s\u00e4mtliche Verglasungen, Glas, Fassaden, Winterg\u00e4rten, Z\u00e4une, Balustraden Transport von Baumaterialien in h\u00f6here Stockwerke unter schwierigen Bedingungen Dachbindern Unterst\u00fctzung und Schutz [&hellip;]","og_url":"https:\/\/gk-projekt.eu\/de\/ausruestungsverleih\/","og_site_name":"GK Projekt","article_modified_time":"2024-01-31T21:34:42+00:00","twitter_card":"summary_large_image","twitter_misc":{"Gesch\u00e4tzte Lesezeit":"1\u00a0Minute"},"schema":{"@context":"https:\/\/schema.org","@graph":[{"@type":"WebPage","@id":"https:\/\/gk-projekt.eu\/de\/ausruestungsverleih\/","url":"https:\/\/gk-projekt.eu\/de\/ausruestungsverleih\/","name":"Ausr\u00fcstungsverleih - GK Projekt","isPartOf":{"@id":"https:\/\/gk-projekt.eu\/de\/#website"},"datePublished":"2024-01-29T18:57:27+00:00","dateModified":"2024-01-31T21:34:42+00:00","breadcrumb":{"@id":"https:\/\/gk-projekt.eu\/de\/ausruestungsverleih\/#breadcrumb"},"inLanguage":"de","potentialAction":[{"@type":"ReadAction","target":["https:\/\/gk-projekt.eu\/de\/ausruestungsverleih\/"]}]},{"@type":"BreadcrumbList","@id":"https:\/\/gk-projekt.eu\/de\/ausruestungsverleih\/#breadcrumb","itemListElement":[{"@type":"ListItem","position":1,"name":"Strona g\u0142\u00f3wna","item":"https:\/\/gk-projekt.eu\/de\/"},{"@type":"ListItem","position":2,"name":"Ausr\u00fcstungsverleih"}]},{"@type":"WebSite","@id":"https:\/\/gk-projekt.eu\/de\/#website","url":"https:\/\/gk-projekt.eu\/de\/","name":"GK Projekt","description":"","publisher":{"@id":"https:\/\/gk-projekt.eu\/de\/#organization"},"potentialAction":[{"@type":"SearchAction","target":{"@type":"EntryPoint","urlTemplate":"https:\/\/gk-projekt.eu\/de\/?s={search_term_string}"},"query-input":{"@type":"PropertyValueSpecification","valueRequired":true,"valueName":"search_term_string"}}],"inLanguage":"de"},{"@type":"Organization","@id":"https:\/\/gk-projekt.eu\/de\/#organization","name":"GK Projekt","url":"https:\/\/gk-projekt.eu\/de\/","logo":{"@type":"ImageObject","inLanguage":"de","@id":"https:\/\/gk-projekt.eu\/de\/#\/schema\/logo\/image\/","url":"https:\/\/gk-projekt.eu\/wp-content\/uploads\/2022\/11\/logo_414362.png","contentUrl":"https:\/\/gk-projekt.eu\/wp-content\/uploads\/2022\/11\/logo_414362.png","width":190,"height":79,"caption":"GK Projekt"},"image":{"@id":"https:\/\/gk-projekt.eu\/de\/#\/schema\/logo\/image\/"},"sameAs":["https:\/\/www.instagram.com\/artdomprojekt\/"]}]}},"_links":{"self":[{"href":"https:\/\/gk-projekt.eu\/de\/wp-json\/wp\/v2\/pages\/965","targetHints":{"allow":["GET"]}}],"collection":[{"href":"https:\/\/gk-projekt.eu\/de\/wp-json\/wp\/v2\/pages"}],"about":[{"href":"https:\/\/gk-projekt.eu\/de\/wp-json\/wp\/v2\/types\/page"}],"author":[{"embeddable":true,"href":"https:\/\/gk-projekt.eu\/de\/wp-json\/wp\/v2\/users\/1"}],"replies":[{"embeddable":true,"href":"https:\/\/gk-projekt.eu\/de\/wp-json\/wp\/v2\/comments?post=965"}],"version-history":[{"count":10,"href":"https:\/\/gk-projekt.eu\/de\/wp-json\/wp\/v2\/pages\/965\/revisions"}],"predecessor-version":[{"id":1022,"href":"https:\/\/gk-projekt.eu\/de\/wp-json\/wp\/v2\/pages\/965\/revisions\/1022"}],"wp:attachment":[{"href":"https:\/\/gk-projekt.eu\/de\/wp-json\/wp\/v2\/media?parent=965"}],"curies":[{"name":"wp","href":"https:\/\/api.w.org\/{rel}","templated":true}]}}